{"id":2224,"date":"2024-04-05T20:32:50","date_gmt":"2024-04-05T20:32:50","guid":{"rendered":"https:\/\/proyectococuiza-org-451988.hostingersite.com\/?page_id=2224"},"modified":"2024-04-07T07:18:19","modified_gmt":"2024-04-07T07:18:19","slug":"intranet","status":"publish","type":"page","link":"https:\/\/proyectococuiza.org\/index.php\/intranet\/","title":{"rendered":"Intranet"},"content":{"rendered":"<p>[et_pb_section fb_built=\u00bb1&#8243; admin_label=\u00bbHeader\u00bb _builder_version=\u00bb4.21.0&#8243; _module_preset=\u00bbdefault\u00bb use_background_color_gradient=\u00bbon\u00bb background_color_gradient_direction=\u00bb90deg\u00bb background_color_gradient_stops=\u00bbgcid-a9d8e14e-2f78-408a-a83c-506939196b52 25%|rgba(42,47,49,0.54) 100%\u00bb background_color_gradient_overlays_image=\u00bbon\u00bb background_image=\u00bbhttp:\/\/proyectococuiza-org-451988.hostingersite.com\/wp-content\/uploads\/2024\/04\/online-university-16.jpg\u00bb custom_padding=\u00bb3vw||0px||false|false\u00bb da_disable_devices=\u00bboff|off|off\u00bb locked=\u00bboff\u00bb collapsed=\u00bbon\u00bb global_colors_info=\u00bb{}\u00bb da_is_popup=\u00bboff\u00bb da_exit_intent=\u00bboff\u00bb da_has_close=\u00bbon\u00bb da_alt_close=\u00bboff\u00bb da_dark_close=\u00bboff\u00bb da_not_modal=\u00bbon\u00bb da_is_singular=\u00bboff\u00bb da_with_loader=\u00bboff\u00bb da_has_shadow=\u00bbon\u00bb][et_pb_row _builder_version=\u00bb4.23.1&#8243; _module_preset=\u00bbdefault\u00bb global_colors_info=\u00bb{}\u00bb][et_pb_column type=\u00bb4_4&#8243; _builder_version=\u00bb4.23.1&#8243; _module_preset=\u00bbdefault\u00bb global_colors_info=\u00bb{}\u00bb][et_pb_menu menu_id=\u00bb13&#8243; active_link_color=\u00bb#000000&#8243; _builder_version=\u00bb4.23.1&#8243; _module_preset=\u00bbdefault\u00bb menu_font=\u00bbAbel|800|||||||\u00bb menu_text_color=\u00bb#7CDA24&#8243; menu_font_size=\u00bb17px\u00bb menu_letter_spacing=\u00bb1px\u00bb background_color=\u00bbRGBA(255,255,255,0)\u00bb global_colors_info=\u00bb{}\u00bb][\/et_pb_menu][\/et_pb_column][\/et_pb_row][et_pb_row column_structure=\u00bb2_3,1_3&#8243; _builder_version=\u00bb4.22.1&#8243; _module_preset=\u00bbdefault\u00bb min_height=\u00bb184.2px\u00bb custom_padding=\u00bb||||false|false\u00bb locked=\u00bboff\u00bb global_colors_info=\u00bb{}\u00bb][et_pb_column type=\u00bb2_3&#8243; _builder_version=\u00bb4.19.1&#8243; _module_preset=\u00bbdefault\u00bb global_colors_info=\u00bb{}\u00bb][et_pb_text _builder_version=\u00bb4.22.1&#8243; _module_preset=\u00bb65181315-25a2-4647-b03b-cb048b9df0c1&#8243; header_text_color=\u00bb#FFFFFF\u00bb custom_margin=\u00bb66px||10px||false|false\u00bb global_colors_info=\u00bb{}\u00bb]<\/p>\n<h1>Cocuiza<span style=\"color: #7cda24;\">Net<\/span><\/h1>\n<p>[\/et_pb_text][et_pb_text _builder_version=\u00bb4.22.1&#8243; _module_preset=\u00bbbe7aaddc-7d55-4aed-a7e2-97552bf9b8c4&#8243; text_text_color=\u00bbgcid-a9d8e14e-2f78-408a-a83c-506939196b52&#8243; header_3_text_color=\u00bb#FFFFFF\u00bb global_colors_info=\u00bb{%22gcid-a9d8e14e-2f78-408a-a83c-506939196b52%22:%91%22text_text_color%22%93}\u00bb]<\/p>\n<h3>Las mentes se multiplican cuando se unen: la inteligencia colectiva es nuestra naturaleza.<\/h3>\n<p>[\/et_pb_text][\/et_pb_column][et_pb_column type=\u00bb1_3&#8243; _builder_version=\u00bb4.19.1&#8243; _module_preset=\u00bbdefault\u00bb global_colors_info=\u00bb{}\u00bb][\/et_pb_column][\/et_pb_row][\/et_pb_section][et_pb_section fb_built=\u00bb1&#8243; admin_label=\u00bbCourses\u00bb _builder_version=\u00bb4.22.1&#8243; _module_preset=\u00bbdefault\u00bb background_color=\u00bb#EEEEEE\u00bb da_disable_devices=\u00bboff|off|off\u00bb saved_tabs=\u00bball\u00bb collapsed=\u00bbon\u00bb global_colors_info=\u00bb{}\u00bb da_is_popup=\u00bboff\u00bb da_exit_intent=\u00bboff\u00bb da_has_close=\u00bbon\u00bb da_alt_close=\u00bboff\u00bb da_dark_close=\u00bboff\u00bb da_not_modal=\u00bbon\u00bb da_is_singular=\u00bboff\u00bb da_with_loader=\u00bboff\u00bb da_has_shadow=\u00bbon\u00bb][et_pb_row _builder_version=\u00bb4.19.1&#8243; _module_preset=\u00bbdefault\u00bb max_width=\u00bb700px\u00bb global_colors_info=\u00bb{}\u00bb][et_pb_column type=\u00bb4_4&#8243; _builder_version=\u00bb4.19.1&#8243; _module_preset=\u00bbdefault\u00bb global_colors_info=\u00bb{}\u00bb][et_pb_text _builder_version=\u00bb4.21.0&#8243; _module_preset=\u00bbc1618777-ddc8-4efe-bd3a-921b109fa755&#8243; text_orientation=\u00bbcenter\u00bb global_colors_info=\u00bb{}\u00bb]<\/p>\n<h2>MATERIAL DE APOYO<\/h2>\n<p>[\/et_pb_text][et_pb_text _builder_version=\u00bb4.23.1&#8243; _module_preset=\u00bb6b5a2165-f767-4420-a7be-6fe3ed06e281&#8243; text_text_color=\u00bbgcid-a9d8e14e-2f78-408a-a83c-506939196b52&#8243; text_orientation=\u00bbcenter\u00bb global_colors_info=\u00bb{%22gcid-a9d8e14e-2f78-408a-a83c-506939196b52%22:%91%22text_text_color%22%93}\u00bb]<\/p>\n<p>Tus logros pueden ser la chispa que encienda la llama del \u00e9xito en otros. \u00a1Comp\u00e1rtelos!<\/p>\n<p>[\/et_pb_text][\/et_pb_column][\/et_pb_row][et_pb_row column_structure=\u00bb1_3,1_3,1_3&#8243; _builder_version=\u00bb4.22.1&#8243; _module_preset=\u00bbdefault\u00bb locked=\u00bboff\u00bb global_colors_info=\u00bb{}\u00bb][et_pb_column type=\u00bb1_3&#8243; _builder_version=\u00bb4.21.0&#8243; _module_preset=\u00bbdefault\u00bb custom_padding=\u00bb|20px|20px|20px|false|true\u00bb border_radii=\u00bbon|30px|30px|30px|30px\u00bb border_width_all=\u00bb1px\u00bb border_color_all=\u00bb#000000&#8243; global_colors_info=\u00bb{}\u00bb][et_pb_image src=\u00bbhttp:\/\/proyectococuiza-org-451988.hostingersite.com\/wp-content\/uploads\/2023\/11\/artesanias-1.png\u00bb alt=\u00bbportada cocuiza\u00bb title_text=\u00bbartesanias (1)\u00bb _builder_version=\u00bb4.23.1&#8243; _module_preset=\u00bbdefault\u00bb custom_margin=\u00bb|-20px||-20px|false|true\u00bb global_colors_info=\u00bb{}\u00bb][\/et_pb_image][et_pb_text _builder_version=\u00bb4.23.1&#8243; _module_preset=\u00bb264e5293-7d26-4314-80d7-46605fdc6642&#8243; custom_margin=\u00bb||0px||false|false\u00bb global_colors_info=\u00bb{}\u00bb]<\/p>\n<h4>Presentaci\u00f3n del Proyecto 2024<\/h4>\n<p>[\/et_pb_text][et_pb_text _builder_version=\u00bb4.23.1&#8243; _module_preset=\u00bbdfb9b7cf-191a-4547-9bd4-6fb22e55f0c8&#8243; global_colors_info=\u00bb{}\u00bb]<\/p>\n<p>Reimpulso de Proyecto Cocuiza para el mundo<\/p>\n<p>[\/et_pb_text][et_pb_button button_url=\u00bbhttps:\/\/drive.google.com\/file\/d\/1BbPglThnc_MJ2iBNWUZ88YYwdSAFKr8S\/view?usp=sharing\u00bb button_text=\u00bbDescargar\u00bb _builder_version=\u00bb4.23.1&#8243; _module_preset=\u00bbdefault\u00bb global_colors_info=\u00bb{}\u00bb][\/et_pb_button][\/et_pb_column][et_pb_column type=\u00bb1_3&#8243; _builder_version=\u00bb4.21.0&#8243; _module_preset=\u00bbdefault\u00bb custom_padding=\u00bb|20px|20px|20px|false|true\u00bb border_radii=\u00bbon|30px|30px|30px|30px\u00bb border_width_all=\u00bb1px\u00bb border_color_all=\u00bb#000000&#8243; global_colors_info=\u00bb{}\u00bb][et_pb_image src=\u00bbhttp:\/\/proyectococuiza-org-451988.hostingersite.com\/wp-content\/uploads\/2024\/04\/Screenshot_19.png\u00bb title_text=\u00bbScreenshot_19&#8243; _builder_version=\u00bb4.23.1&#8243; _module_preset=\u00bbdefault\u00bb custom_margin=\u00bb|-20px||-20px|false|true\u00bb global_colors_info=\u00bb{}\u00bb][\/et_pb_image][et_pb_text _builder_version=\u00bb4.23.1&#8243; _module_preset=\u00bb264e5293-7d26-4314-80d7-46605fdc6642&#8243; header_2_font=\u00bb|600|||||||\u00bb header_4_font=\u00bb|600|||||||\u00bb custom_margin=\u00bb||0px||false|false\u00bb global_colors_info=\u00bb{}\u00bb]<\/p>\n<h4>Plan de Estudios de Criptomoneda<\/h4>\n<p>[\/et_pb_text][et_pb_text _builder_version=\u00bb4.23.1&#8243; _module_preset=\u00bbdfb9b7cf-191a-4547-9bd4-6fb22e55f0c8&#8243; global_colors_info=\u00bb{}\u00bb]<\/p>\n<p>El proyecto Cocuiza tomo un nuevo destino al integrar la Tecnolog\u00eda Blockchain para usarlo como abono para la cocuiza.<\/p>\n<p>[\/et_pb_text][et_pb_button button_url=\u00bbhttps:\/\/drive.google.com\/file\/d\/1BbPglThnc_MJ2iBNWUZ88YYwdSAFKr8S\/view?usp=sharing\u00bb button_text=\u00bbDescargar\u00bb _builder_version=\u00bb4.23.1&#8243; _module_preset=\u00bbdefault\u00bb global_colors_info=\u00bb{}\u00bb][\/et_pb_button][\/et_pb_column][et_pb_column type=\u00bb1_3&#8243; _builder_version=\u00bb4.21.0&#8243; _module_preset=\u00bbdefault\u00bb custom_padding=\u00bb|20px|20px|20px|false|true\u00bb border_radii=\u00bbon|30px|30px|30px|30px\u00bb border_width_all=\u00bb1px\u00bb border_color_all=\u00bb#000000&#8243; global_colors_info=\u00bb{}\u00bb][et_pb_image src=\u00bbhttp:\/\/proyectococuiza-org-451988.hostingersite.com\/wp-content\/uploads\/2024\/04\/online-university-5.jpg\u00bb title_text=\u00bbonline-university-5&#8243; _builder_version=\u00bb4.21.0&#8243; _module_preset=\u00bbdefault\u00bb custom_margin=\u00bb|-20px||-20px|false|true\u00bb global_colors_info=\u00bb{}\u00bb][\/et_pb_image][et_pb_text _builder_version=\u00bb4.23.1&#8243; _module_preset=\u00bb264e5293-7d26-4314-80d7-46605fdc6642&#8243; custom_margin=\u00bb||0px||false|false\u00bb global_colors_info=\u00bb{}\u00bb]<\/p>\n<h4>TOKEN \u2013 CZT<\/h4>\n<p>[\/et_pb_text][et_pb_text _builder_version=\u00bb4.21.0&#8243; _module_preset=\u00bbdfb9b7cf-191a-4547-9bd4-6fb22e55f0c8&#8243; global_colors_info=\u00bb{}\u00bb]<\/p>\n<p>Primera presentaci\u00f3n del Cocuiza Token<\/p>\n<p>[\/et_pb_text][et_pb_button button_url=\u00bbhttps:\/\/drive.google.com\/file\/d\/1_XH1XEDHpgMSHR88YJU7N5lHpkwuWhuc\/view?usp=sharing\u00bb button_text=\u00bbDescargar\u00bb _builder_version=\u00bb4.23.1&#8243; _module_preset=\u00bbdefault\u00bb global_colors_info=\u00bb{}\u00bb][\/et_pb_button][\/et_pb_column][\/et_pb_row][\/et_pb_section][et_pb_section fb_built=\u00bb1&#8243; admin_label=\u00bbCourses\u00bb _builder_version=\u00bb4.22.1&#8243; _module_preset=\u00bbdefault\u00bb background_color=\u00bb#EEEEEE\u00bb da_disable_devices=\u00bboff|off|off\u00bb saved_tabs=\u00bball\u00bb collapsed=\u00bbon\u00bb global_colors_info=\u00bb{}\u00bb da_is_popup=\u00bboff\u00bb da_exit_intent=\u00bboff\u00bb da_has_close=\u00bbon\u00bb da_alt_close=\u00bboff\u00bb da_dark_close=\u00bboff\u00bb da_not_modal=\u00bbon\u00bb da_is_singular=\u00bboff\u00bb da_with_loader=\u00bboff\u00bb da_has_shadow=\u00bbon\u00bb][et_pb_row _builder_version=\u00bb4.19.1&#8243; _module_preset=\u00bbdefault\u00bb max_width=\u00bb700px\u00bb global_colors_info=\u00bb{}\u00bb][et_pb_column type=\u00bb4_4&#8243; _builder_version=\u00bb4.19.1&#8243; _module_preset=\u00bbdefault\u00bb global_colors_info=\u00bb{}\u00bb][et_pb_text _builder_version=\u00bb4.23.1&#8243; _module_preset=\u00bbc1618777-ddc8-4efe-bd3a-921b109fa755&#8243; text_orientation=\u00bbcenter\u00bb hover_enabled=\u00bb0&#8243; global_colors_info=\u00bb{}\u00bb sticky_enabled=\u00bb0&#8243;]<\/p>\n<h2><span style=\"color: #008000;\">LOGROS<\/span><\/h2>\n<p>[\/et_pb_text][et_pb_text _builder_version=\u00bb4.23.1&#8243; _module_preset=\u00bb6b5a2165-f767-4420-a7be-6fe3ed06e281&#8243; text_text_color=\u00bbgcid-a9d8e14e-2f78-408a-a83c-506939196b52&#8243; text_orientation=\u00bbcenter\u00bb hover_enabled=\u00bb0&#8243; global_colors_info=\u00bb{%22gcid-a9d8e14e-2f78-408a-a83c-506939196b52%22:%91%22text_text_color%22%93}\u00bb sticky_enabled=\u00bb0&#8243;]<\/p>\n<h2 data-sourcepos=\"1:1-1:90\"><strong>Somos la fuerza que impulsa el Proyecto Cocuiza: Un viaje hacia el \u00e9xito compartido<\/strong><\/h2>\n<p data-sourcepos=\"3:1-3:310\"><strong>Juntos, somos piezas fundamentales en el desarrollo del Proyecto Cocuiza.<\/strong> Nuestra pasi\u00f3n, compromiso y trabajo en equipo son la clave que nos impulsa hacia el \u00e9xito. Cada miembro del equipo aporta su talento \u00fanico, creando una sinergia poderosa que nos permite superar desaf\u00edos y alcanzar metas ambiciosas.<\/p>\n<p data-sourcepos=\"5:1-5:45\"><strong>Con orgullo, compartimos nuestros logros:<\/strong><\/p>\n<p>[\/et_pb_text][\/et_pb_column][\/et_pb_row][et_pb_row column_structure=\u00bb1_3,1_3,1_3&#8243; _builder_version=\u00bb4.22.1&#8243; _module_preset=\u00bbdefault\u00bb locked=\u00bboff\u00bb global_colors_info=\u00bb{}\u00bb][et_pb_column type=\u00bb1_3&#8243; _builder_version=\u00bb4.21.0&#8243; _module_preset=\u00bbdefault\u00bb custom_padding=\u00bb|20px|20px|20px|false|true\u00bb border_radii=\u00bbon|30px|30px|30px|30px\u00bb border_width_all=\u00bb1px\u00bb border_color_all=\u00bb#000000&#8243; global_colors_info=\u00bb{}\u00bb][et_pb_image src=\u00bbhttp:\/\/proyectococuiza-org-451988.hostingersite.com\/wp-content\/uploads\/2023\/11\/11.png\u00bb alt=\u00bbportada cocuiza\u00bb title_text=\u00bb11&#8243; _builder_version=\u00bb4.23.1&#8243; _module_preset=\u00bbdefault\u00bb custom_margin=\u00bb|-20px||-20px|false|true\u00bb global_colors_info=\u00bb{}\u00bb][\/et_pb_image][et_pb_text _builder_version=\u00bb4.23.1&#8243; _module_preset=\u00bb264e5293-7d26-4314-80d7-46605fdc6642&#8243; custom_margin=\u00bb||0px||false|false\u00bb global_colors_info=\u00bb{}\u00bb]<\/p>\n<h4>Reimpulso de Proyecto Cocuiza 2024<\/h4>\n<p>[\/et_pb_text][et_pb_text _builder_version=\u00bb4.23.1&#8243; _module_preset=\u00bbdfb9b7cf-191a-4547-9bd4-6fb22e55f0c8&#8243; global_colors_info=\u00bb{}\u00bb]<\/p>\n<p>Tomando una nueva ruta sin perder el rumbo, se encamino nuevamente Proyecto Cocuiza.<\/p>\n<p>[\/et_pb_text][\/et_pb_column][et_pb_column type=\u00bb1_3&#8243; _builder_version=\u00bb4.21.0&#8243; _module_preset=\u00bbdefault\u00bb custom_padding=\u00bb|20px|20px|20px|false|true\u00bb border_radii=\u00bbon|30px|30px|30px|30px\u00bb border_width_all=\u00bb1px\u00bb border_color_all=\u00bb#000000&#8243; global_colors_info=\u00bb{}\u00bb][et_pb_image src=\u00bbhttp:\/\/proyectococuiza-org-451988.hostingersite.com\/wp-content\/uploads\/2024\/04\/Screenshot_20.png\u00bb title_text=\u00bbScreenshot_20&#8243; _builder_version=\u00bb4.23.1&#8243; _module_preset=\u00bbdefault\u00bb custom_margin=\u00bb|-20px||-20px|false|true\u00bb global_colors_info=\u00bb{}\u00bb][\/et_pb_image][et_pb_text _builder_version=\u00bb4.23.1&#8243; _module_preset=\u00bb264e5293-7d26-4314-80d7-46605fdc6642&#8243; header_2_font=\u00bb|600|||||||\u00bb header_4_font=\u00bb|600|||||||\u00bb custom_margin=\u00bb||0px||false|false\u00bb global_colors_info=\u00bb{}\u00bb]<\/p>\n<h4>Tokenizaci\u00f3n de las siembras<\/h4>\n<p>[\/et_pb_text][et_pb_text _builder_version=\u00bb4.23.1&#8243; _module_preset=\u00bbdfb9b7cf-191a-4547-9bd4-6fb22e55f0c8&#8243; global_colors_info=\u00bb{}\u00bb]<\/p>\n<p><strong>El proyecto Cocuiza da un salto hacia el futuro al incorporar la tecnolog\u00eda Blockchain a su proceso de producci\u00f3n.<\/strong><span> Esta innovadora iniciativa busca utilizar Blockchain como un sistema de registro y trazabilidad para el abono utilizado en el cultivo de la cocuiza.<\/span><\/p>\n<p>[\/et_pb_text][\/et_pb_column][et_pb_column type=\u00bb1_3&#8243; _builder_version=\u00bb4.21.0&#8243; _module_preset=\u00bbdefault\u00bb custom_padding=\u00bb|20px|20px|20px|false|true\u00bb border_radii=\u00bbon|30px|30px|30px|30px\u00bb border_width_all=\u00bb1px\u00bb border_color_all=\u00bb#000000&#8243; global_colors_info=\u00bb{}\u00bb][et_pb_image src=\u00bbhttp:\/\/proyectococuiza-org-451988.hostingersite.com\/wp-content\/uploads\/2024\/04\/Screenshot_22.png\u00bb title_text=\u00bbScreenshot_22&#8243; _builder_version=\u00bb4.23.1&#8243; _module_preset=\u00bbdefault\u00bb custom_margin=\u00bb|-20px||-20px|false|true\u00bb global_colors_info=\u00bb{}\u00bb][\/et_pb_image][et_pb_text _builder_version=\u00bb4.23.1&#8243; _module_preset=\u00bb264e5293-7d26-4314-80d7-46605fdc6642&#8243; custom_margin=\u00bb||0px||false|false\u00bb global_colors_info=\u00bb{}\u00bb]<\/p>\n<h4>Pasarela de Pagos<\/h4>\n<p>[\/et_pb_text][et_pb_text _builder_version=\u00bb4.23.1&#8243; _module_preset=\u00bbdfb9b7cf-191a-4547-9bd4-6fb22e55f0c8&#8243; global_colors_info=\u00bb{}\u00bb]<\/p>\n<p><strong>\u00a1Gran noticia!<\/strong> Ya puedes donar a Greenfibersforlife con tarjeta de cr\u00e9dito o d\u00e9bito<br \/>Nos complace anunciar que hemos integrado una pasarela de pagos segura a nuestro sitio web. Esto significa que ahora puedes realizar donaciones a Greenfibersforlife de forma r\u00e1pida y sencilla con tarjeta de cr\u00e9dito o d\u00e9bito.<\/p>\n<p>Link de Pago: <a href=\"https:\/\/square.link\/u\/hkahcMA3\">https:\/\/square.link\/u\/hkahcMA3<\/a><\/p>\n<p>[\/et_pb_text][\/et_pb_column][\/et_pb_row][\/et_pb_section]<\/p>\n","protected":false},"excerpt":{"rendered":"<p>CocuizaNetLas mentes se multiplican cuando se unen: la inteligencia colectiva es nuestra naturaleza.MATERIAL DE APOYOTus logros pueden ser la chispa que encienda la llama del \u00e9xito en otros. \u00a1Comp\u00e1rtelos!Presentaci\u00f3n del Proyecto 2024Reimpulso de Proyecto Cocuiza para el mundoPlan de Estudios de CriptomonedaEl proyecto Cocuiza tomo un nuevo destino al integrar la Tecnolog\u00eda Blockchain para usarlo [&hellip;]<\/p>\n","protected":false},"author":1,"featured_media":1986,"parent":0,"menu_order":0,"comment_status":"closed","ping_status":"closed","template":"","meta":{"_et_pb_use_builder":"on","_et_pb_old_content":"<!-- wp:image {\"id\":1890,\"sizeSlug\":\"full\",\"linkDestination\":\"none\",\"align\":\"center\"} -->\n<figure class=\"wp-block-image aligncenter size-full\"><img src=\"http:\/\/proyectococuiza-org-451988.hostingersite.com\/wp-content\/uploads\/2023\/11\/logo_nuevo_cocuiza-removebg-preview.png\" alt=\"\" class=\"wp-image-1890\"\/><\/figure>\n<!-- \/wp:image -->","_et_gb_content_width":"","footnotes":""},"class_list":["post-2224","page","type-page","status-publish","has-post-thumbnail","hentry"],"yoast_head":"<!-- This site is optimized with the Yoast SEO plugin v27.6 - https:\/\/yoast.com\/product\/yoast-seo-wordpress\/ -->\n<title>Intranet - Proyecto Cocuiza<\/title>\n<meta name=\"robots\" content=\"index, follow, max-snippet:-1, max-image-preview:large, max-video-preview:-1\" \/>\n<link rel=\"canonical\" href=\"https:\/\/proyectococuiza.org\/index.php\/intranet\/\" \/>\n<meta property=\"og:locale\" content=\"es_ES\" \/>\n<meta property=\"og:type\" content=\"article\" \/>\n<meta property=\"og:title\" content=\"Intranet - Proyecto Cocuiza\" \/>\n<meta property=\"og:description\" content=\"CocuizaNetLas mentes se multiplican cuando se unen: la inteligencia colectiva es nuestra naturaleza.MATERIAL DE APOYOTus logros pueden ser la chispa que encienda la llama del \u00e9xito en otros. \u00a1Comp\u00e1rtelos!Presentaci\u00f3n del Proyecto 2024Reimpulso de Proyecto Cocuiza para el mundoPlan de Estudios de CriptomonedaEl proyecto Cocuiza tomo un nuevo destino al integrar la Tecnolog\u00eda Blockchain para usarlo [&hellip;]\" \/>\n<meta property=\"og:url\" content=\"https:\/\/proyectococuiza.org\/index.php\/intranet\/\" \/>\n<meta property=\"og:site_name\" content=\"Proyecto Cocuiza\" \/>\n<meta property=\"article:publisher\" content=\"https:\/\/www.facebook.com\/proyectococuiza\" \/>\n<meta property=\"article:modified_time\" content=\"2024-04-07T07:18:19+00:00\" \/>\n<meta property=\"og:image\" content=\"http:\/\/proyectococuiza-org-451988.hostingersite.com\/wp-content\/uploads\/2023\/11\/6-1.png\" \/>\n\t<meta property=\"og:image:width\" content=\"1080\" \/>\n\t<meta property=\"og:image:height\" content=\"1080\" \/>\n\t<meta property=\"og:image:type\" content=\"image\/png\" \/>\n<meta name=\"twitter:card\" content=\"summary_large_image\" \/>\n<meta name=\"twitter:label1\" content=\"Tiempo estimado de lectura\" \/>\n\t<meta name=\"twitter:data1\" content=\"1 minuto\" \/>\n<script type=\"application\/ld+json\" class=\"yoast-schema-graph\">{\"@context\":\"https:\\\/\\\/schema.org\",\"@graph\":[{\"@type\":\"WebPage\",\"@id\":\"https:\\\/\\\/proyectococuiza.org\\\/index.php\\\/intranet\\\/\",\"url\":\"https:\\\/\\\/proyectococuiza.org\\\/index.php\\\/intranet\\\/\",\"name\":\"Intranet - Proyecto Cocuiza\",\"isPartOf\":{\"@id\":\"https:\\\/\\\/proyectococuiza.org\\\/#website\"},\"primaryImageOfPage\":{\"@id\":\"https:\\\/\\\/proyectococuiza.org\\\/index.php\\\/intranet\\\/#primaryimage\"},\"image\":{\"@id\":\"https:\\\/\\\/proyectococuiza.org\\\/index.php\\\/intranet\\\/#primaryimage\"},\"thumbnailUrl\":\"https:\\\/\\\/proyectococuiza.org\\\/wp-content\\\/uploads\\\/2023\\\/11\\\/6-1.png\",\"datePublished\":\"2024-04-05T20:32:50+00:00\",\"dateModified\":\"2024-04-07T07:18:19+00:00\",\"breadcrumb\":{\"@id\":\"https:\\\/\\\/proyectococuiza.org\\\/index.php\\\/intranet\\\/#breadcrumb\"},\"inLanguage\":\"es\",\"potentialAction\":[{\"@type\":\"ReadAction\",\"target\":[\"https:\\\/\\\/proyectococuiza.org\\\/index.php\\\/intranet\\\/\"]}]},{\"@type\":\"ImageObject\",\"inLanguage\":\"es\",\"@id\":\"https:\\\/\\\/proyectococuiza.org\\\/index.php\\\/intranet\\\/#primaryimage\",\"url\":\"https:\\\/\\\/proyectococuiza.org\\\/wp-content\\\/uploads\\\/2023\\\/11\\\/6-1.png\",\"contentUrl\":\"https:\\\/\\\/proyectococuiza.org\\\/wp-content\\\/uploads\\\/2023\\\/11\\\/6-1.png\",\"width\":1080,\"height\":1080},{\"@type\":\"BreadcrumbList\",\"@id\":\"https:\\\/\\\/proyectococuiza.org\\\/index.php\\\/intranet\\\/#breadcrumb\",\"itemListElement\":[{\"@type\":\"ListItem\",\"position\":1,\"name\":\"Portada\",\"item\":\"https:\\\/\\\/proyectococuiza.org\\\/\"},{\"@type\":\"ListItem\",\"position\":2,\"name\":\"Intranet\"}]},{\"@type\":\"WebSite\",\"@id\":\"https:\\\/\\\/proyectococuiza.org\\\/#website\",\"url\":\"https:\\\/\\\/proyectococuiza.org\\\/\",\"name\":\"Proyecto Cocuiza\",\"description\":\"Proyecto Cocuiza\",\"potentialAction\":[{\"@type\":\"SearchAction\",\"target\":{\"@type\":\"EntryPoint\",\"urlTemplate\":\"https:\\\/\\\/proyectococuiza.org\\\/?s={search_term_string}\"},\"query-input\":{\"@type\":\"PropertyValueSpecification\",\"valueRequired\":true,\"valueName\":\"search_term_string\"}}],\"inLanguage\":\"es\"}]}<\/script>\n<!-- \/ Yoast SEO plugin. -->","yoast_head_json":{"title":"Intranet - Proyecto Cocuiza","robots":{"index":"index","follow":"follow","max-snippet":"max-snippet:-1","max-image-preview":"max-image-preview:large","max-video-preview":"max-video-preview:-1"},"canonical":"https:\/\/proyectococuiza.org\/index.php\/intranet\/","og_locale":"es_ES","og_type":"article","og_title":"Intranet - Proyecto Cocuiza","og_description":"CocuizaNetLas mentes se multiplican cuando se unen: la inteligencia colectiva es nuestra naturaleza.MATERIAL DE APOYOTus logros pueden ser la chispa que encienda la llama del \u00e9xito en otros. \u00a1Comp\u00e1rtelos!Presentaci\u00f3n del Proyecto 2024Reimpulso de Proyecto Cocuiza para el mundoPlan de Estudios de CriptomonedaEl proyecto Cocuiza tomo un nuevo destino al integrar la Tecnolog\u00eda Blockchain para usarlo [&hellip;]","og_url":"https:\/\/proyectococuiza.org\/index.php\/intranet\/","og_site_name":"Proyecto Cocuiza","article_publisher":"https:\/\/www.facebook.com\/proyectococuiza","article_modified_time":"2024-04-07T07:18:19+00:00","og_image":[{"width":1080,"height":1080,"url":"http:\/\/proyectococuiza-org-451988.hostingersite.com\/wp-content\/uploads\/2023\/11\/6-1.png","type":"image\/png"}],"twitter_card":"summary_large_image","twitter_misc":{"Tiempo estimado de lectura":"1 minuto"},"schema":{"@context":"https:\/\/schema.org","@graph":[{"@type":"WebPage","@id":"https:\/\/proyectococuiza.org\/index.php\/intranet\/","url":"https:\/\/proyectococuiza.org\/index.php\/intranet\/","name":"Intranet - Proyecto Cocuiza","isPartOf":{"@id":"https:\/\/proyectococuiza.org\/#website"},"primaryImageOfPage":{"@id":"https:\/\/proyectococuiza.org\/index.php\/intranet\/#primaryimage"},"image":{"@id":"https:\/\/proyectococuiza.org\/index.php\/intranet\/#primaryimage"},"thumbnailUrl":"https:\/\/proyectococuiza.org\/wp-content\/uploads\/2023\/11\/6-1.png","datePublished":"2024-04-05T20:32:50+00:00","dateModified":"2024-04-07T07:18:19+00:00","breadcrumb":{"@id":"https:\/\/proyectococuiza.org\/index.php\/intranet\/#breadcrumb"},"inLanguage":"es","potentialAction":[{"@type":"ReadAction","target":["https:\/\/proyectococuiza.org\/index.php\/intranet\/"]}]},{"@type":"ImageObject","inLanguage":"es","@id":"https:\/\/proyectococuiza.org\/index.php\/intranet\/#primaryimage","url":"https:\/\/proyectococuiza.org\/wp-content\/uploads\/2023\/11\/6-1.png","contentUrl":"https:\/\/proyectococuiza.org\/wp-content\/uploads\/2023\/11\/6-1.png","width":1080,"height":1080},{"@type":"BreadcrumbList","@id":"https:\/\/proyectococuiza.org\/index.php\/intranet\/#breadcrumb","itemListElement":[{"@type":"ListItem","position":1,"name":"Portada","item":"https:\/\/proyectococuiza.org\/"},{"@type":"ListItem","position":2,"name":"Intranet"}]},{"@type":"WebSite","@id":"https:\/\/proyectococuiza.org\/#website","url":"https:\/\/proyectococuiza.org\/","name":"Proyecto Cocuiza","description":"Proyecto Cocuiza","potentialAction":[{"@type":"SearchAction","target":{"@type":"EntryPoint","urlTemplate":"https:\/\/proyectococuiza.org\/?s={search_term_string}"},"query-input":{"@type":"PropertyValueSpecification","valueRequired":true,"valueName":"search_term_string"}}],"inLanguage":"es"}]}},"_links":{"self":[{"href":"https:\/\/proyectococuiza.org\/index.php\/wp-json\/wp\/v2\/pages\/2224","targetHints":{"allow":["GET"]}}],"collection":[{"href":"https:\/\/proyectococuiza.org\/index.php\/wp-json\/wp\/v2\/pages"}],"about":[{"href":"https:\/\/proyectococuiza.org\/index.php\/wp-json\/wp\/v2\/types\/page"}],"author":[{"embeddable":true,"href":"https:\/\/proyectococuiza.org\/index.php\/wp-json\/wp\/v2\/users\/1"}],"replies":[{"embeddable":true,"href":"https:\/\/proyectococuiza.org\/index.php\/wp-json\/wp\/v2\/comments?post=2224"}],"version-history":[{"count":25,"href":"https:\/\/proyectococuiza.org\/index.php\/wp-json\/wp\/v2\/pages\/2224\/revisions"}],"predecessor-version":[{"id":2296,"href":"https:\/\/proyectococuiza.org\/index.php\/wp-json\/wp\/v2\/pages\/2224\/revisions\/2296"}],"wp:featuredmedia":[{"embeddable":true,"href":"https:\/\/proyectococuiza.org\/index.php\/wp-json\/wp\/v2\/media\/1986"}],"wp:attachment":[{"href":"https:\/\/proyectococuiza.org\/index.php\/wp-json\/wp\/v2\/media?parent=2224"}],"curies":[{"name":"wp","href":"https:\/\/api.w.org\/{rel}","templated":true}]}}